{"id":8659,"date":"2025-12-11T11:51:09","date_gmt":"2025-12-11T11:51:09","guid":{"rendered":"https:\/\/www.clarin.si\/info\/?page_id=8659"},"modified":"2025-12-17T07:42:42","modified_gmt":"2025-12-17T07:42:42","slug":"pregled-leta-2025-clarin-si-v-stevilkah","status":"publish","type":"page","link":"https:\/\/www.clarin.si\/info\/pregled-leta-2025-clarin-si-v-stevilkah\/","title":{"rendered":"Pregled leta 2025: CLARIN.SI v \u0161tevilkah"},"content":{"rendered":"<p>CLARIN.SI ob koncu leta 2025 z veseljem predstavlja pregled uporabe na\u0161ega spletnega mesta, repozitorija in konkordan\u010dnikov v preteklem letu v obliki kratkega posnetka.<\/p>\n<p>V posnetku podamo klju\u010dne informacije, kot so \u0161tevilo obiskov, seznam najbolj priljubljenih jezikovnih virov in vpogled v aktivnosti na konkordan\u010dnikih. Med drugim izpostavimo tudi, kako se na\u0161i viri in storitve uporabljajo tudi preko meja Slovenije.<\/p>\n<p>Vabimo vas k ogledu posnetka:<\/p>\n<div style=\"width: 640px; \" class=\"wp-video\"><video class=\"wp-video-shortcode\" id=\"video-8659-1\" width=\"640\" height=\"360\" preload=\"metadata\" controls=\"controls\"><source type=\"video\/mp4\" src=\"https:\/\/www.clarin.si\/info\/wp-content\/uploads\/2025\/12\/CLARIN.SI-wrap-2025-4.mp4?_=1\" \/><a href=\"https:\/\/www.clarin.si\/info\/wp-content\/uploads\/2025\/12\/CLARIN.SI-wrap-2025-4.mp4\">https:\/\/www.clarin.si\/info\/wp-content\/uploads\/2025\/12\/CLARIN.SI-wrap-2025-4.mp4<\/a><\/video><\/div>\n<div id=\"themify_builder_content-8659\" data-postid=\"8659\" class=\"themify_builder_content themify_builder_content-8659 themify_builder\">\n    <\/div>\n<!-- \/themify_builder_content -->\n","protected":false},"excerpt":{"rendered":"<p>CLARIN.SI ob koncu leta 2025 z veseljem predstavlja pregled uporabe na\u0161ega spletnega mesta, repozitorija in konkordan\u010dnikov v preteklem letu v obliki kratkega posnetka. V posnetku podamo klju\u010dne informacije, kot so \u0161tevilo obiskov, seznam najbolj priljubljenih jezikovnih virov in vpogled v aktivnosti na konkordan\u010dnikih. Med drugim izpostavimo tudi, kako se na\u0161i viri in storitve uporabljajo tudi [&hellip;]<\/p>\n","protected":false},"author":13,"featured_media":0,"parent":0,"menu_order":0,"comment_status":"closed","ping_status":"closed","template":"","meta":{"footnotes":""},"class_list":["post-8659","page","type-page","status-publish","hentry","has-post-title","has-post-date","has-post-category","has-post-tag","has-post-comment","has-post-author",""],"_links":{"self":[{"href":"https:\/\/www.clarin.si\/info\/wp-json\/wp\/v2\/pages\/8659","targetHints":{"allow":["GET"]}}],"collection":[{"href":"https:\/\/www.clarin.si\/info\/wp-json\/wp\/v2\/pages"}],"about":[{"href":"https:\/\/www.clarin.si\/info\/wp-json\/wp\/v2\/types\/page"}],"author":[{"embeddable":true,"href":"https:\/\/www.clarin.si\/info\/wp-json\/wp\/v2\/users\/13"}],"replies":[{"embeddable":true,"href":"https:\/\/www.clarin.si\/info\/wp-json\/wp\/v2\/comments?post=8659"}],"version-history":[{"count":7,"href":"https:\/\/www.clarin.si\/info\/wp-json\/wp\/v2\/pages\/8659\/revisions"}],"predecessor-version":[{"id":8706,"href":"https:\/\/www.clarin.si\/info\/wp-json\/wp\/v2\/pages\/8659\/revisions\/8706"}],"wp:attachment":[{"href":"https:\/\/www.clarin.si\/info\/wp-json\/wp\/v2\/media?parent=8659"}],"curies":[{"name":"wp","href":"https:\/\/api.w.org\/{rel}","templated":true}]}}