{"id":6601,"date":"2023-11-10T08:52:46","date_gmt":"2023-11-10T08:52:46","guid":{"rendered":"https:\/\/www.clarin.si\/info\/?page_id=6601"},"modified":"2023-11-10T11:15:43","modified_gmt":"2023-11-10T11:15:43","slug":"cmc","status":"publish","type":"page","link":"https:\/\/www.clarin.si\/info\/k-centri\/cmc\/","title":{"rendered":"CKCMC"},"content":{"rendered":"<h2 id=\"clarin-knowledge-centre-for-computer-mediated-communication-and-social-media-corpora\">CLARIN Center znanja za ra\u010dunalni\u0161ko posredovano komunikacijo in korpuse dru\u017ebenih omre\u017eij<\/h2>\n<p><a href=\"https:\/\/cmc-corpora.org\/ckcmc\/\">CLARIN center znanja za ra\u010dunalni\u0161ko posredovano komunikacijo in korpuse dru\u017ebenih omre\u017eij<\/a> (CKCMC) nudi ekspertizo o jezikovnih virih in tehnologijah za ra\u010dunalni\u0161ko posredovano komunikacijo in korpuse dru\u017ebenih omre\u017eij.<\/p>\n<p>Osnovne naloge centra znanja CKCMC so:<\/p>\n<ol>\n<li>ponuditi raziskovalcem, \u0161tudentom in ostalim informacije o dostopnih virih, tehnologija in aktivnostih,<\/li>\n<li>podpreti raziskovalce, \u0161tudente in ostale pri izdelavi, preoblikovanju in objavi virov in tehnolgij<\/li>\n<li>organiziranje dogodkov za usposabljanje.<\/li>\n<\/ol>\n<div id=\"themify_builder_content-6601\" data-postid=\"6601\" class=\"themify_builder_content themify_builder_content-6601 themify_builder\">\n    <\/div>\n<!-- \/themify_builder_content -->\n","protected":false},"excerpt":{"rendered":"<p>CLARIN Center znanja za ra\u010dunalni\u0161ko posredovano komunikacijo in korpuse dru\u017ebenih omre\u017eij CLARIN center znanja za ra\u010dunalni\u0161ko posredovano komunikacijo in korpuse dru\u017ebenih omre\u017eij (CKCMC) nudi ekspertizo o jezikovnih virih in tehnologijah za ra\u010dunalni\u0161ko posredovano komunikacijo in korpuse dru\u017ebenih omre\u017eij. Osnovne naloge centra znanja CKCMC so: ponuditi raziskovalcem, \u0161tudentom in ostalim informacije o dostopnih virih, tehnologija in [&hellip;]<\/p>\n","protected":false},"author":12,"featured_media":0,"parent":6585,"menu_order":0,"comment_status":"closed","ping_status":"closed","template":"","meta":{"footnotes":""},"class_list":["post-6601","page","type-page","status-publish","hentry","has-post-title","has-post-date","has-post-category","has-post-tag","has-post-comment","has-post-author",""],"_links":{"self":[{"href":"https:\/\/www.clarin.si\/info\/wp-json\/wp\/v2\/pages\/6601","targetHints":{"allow":["GET"]}}],"collection":[{"href":"https:\/\/www.clarin.si\/info\/wp-json\/wp\/v2\/pages"}],"about":[{"href":"https:\/\/www.clarin.si\/info\/wp-json\/wp\/v2\/types\/page"}],"author":[{"embeddable":true,"href":"https:\/\/www.clarin.si\/info\/wp-json\/wp\/v2\/users\/12"}],"replies":[{"embeddable":true,"href":"https:\/\/www.clarin.si\/info\/wp-json\/wp\/v2\/comments?post=6601"}],"version-history":[{"count":2,"href":"https:\/\/www.clarin.si\/info\/wp-json\/wp\/v2\/pages\/6601\/revisions"}],"predecessor-version":[{"id":6611,"href":"https:\/\/www.clarin.si\/info\/wp-json\/wp\/v2\/pages\/6601\/revisions\/6611"}],"up":[{"embeddable":true,"href":"https:\/\/www.clarin.si\/info\/wp-json\/wp\/v2\/pages\/6585"}],"wp:attachment":[{"href":"https:\/\/www.clarin.si\/info\/wp-json\/wp\/v2\/media?parent=6601"}],"curies":[{"name":"wp","href":"https:\/\/api.w.org\/{rel}","templated":true}]}}