{"id":6585,"date":"2023-11-10T08:40:14","date_gmt":"2023-11-10T08:40:14","guid":{"rendered":"https:\/\/www.clarin.si\/info\/?page_id=6585"},"modified":"2025-03-28T11:08:59","modified_gmt":"2025-03-28T11:08:59","slug":"k-centri","status":"publish","type":"page","link":"https:\/\/www.clarin.si\/info\/k-centri\/","title":{"rendered":"K-CENTRI"},"content":{"rendered":"<p>CLARIN.SI oz. konzorcijski partner <a href=\"https:\/\/www.clarin.si\/info\/o-projektu\/partnerji\/#Institut_Jozef_Stefan\">Institut &#8220;Jo\u017eef Stefan&#8221;<\/a><a href=\"https:\/\/www.clarin.si\/info\/partners\/#Jozef_Stefan_Institute\">,<\/a> sodeluje v \u0161tirih <strong><a href=\"https:\/\/www.clarin.eu\/content\/knowledge-centres\">Centrih znanja CLARIN<\/a><\/strong>:<\/p>\n<ul>\n<li><a href=\"https:\/\/www.clarin.si\/info\/k-center\/\"><strong>CLASSLA<\/strong><\/a><strong> CLARIN center znanja za ju\u017enoslovanske jezike<\/strong>\u00a0nudi eksperizo o jezikovnih virih in tehnologijah za ju\u017enoslovanske jezike;<\/li>\n<li><a href=\"https:\/\/www.clarin.si\/info\/k-centres\/elexis\/\"><strong>ELEXIS<\/strong><\/a><strong> CLARIN center znanja za leksikografijo<\/strong> nudi odprtodostopne podatke, orodja in storitve za slovaropisce;<\/li>\n<li><a href=\"https:\/\/llms4ssh.clarin-pl.eu\/\"><strong> LLMs4SSH <\/strong><\/a><strong>CLARIN center znanja za uporabo velikih jezikovnih modelov v humanistiki in dru\u017eboslovju <\/strong>nudi strokovno podporo pri aplikacijah velikih jezikovnih modelov v obdelavi jezikovnih podatkov in o raz\u0161iritvah in prilagoditvah takih modelov za potrebe raziskovalcev s podro\u010dij humanistike in dru\u017eboslovja.<\/li>\n<li><a href=\"https:\/\/www.clarin.si\/info\/k-centri\/cmc\/\"><strong>CKCMC<\/strong><\/a><strong> CLARIN center znanja za ra\u010dunalni\u0161ko posredovano komunikacijo in korpuse dru\u017ebenih omre\u017eij<\/strong>\u00a0nudi ekspertizo o jezikovnih virih in tehnologijah za ra\u010dunalni\u0161ko posredovano komunikacijo in korpuse dru\u017ebenih omre\u017eij.<\/li>\n<\/ul>\n<p>&nbsp;<\/p>\n<div id=\"themify_builder_content-6585\" data-postid=\"6585\" class=\"themify_builder_content themify_builder_content-6585 themify_builder\">\n    <\/div>\n<!-- \/themify_builder_content -->\n","protected":false},"excerpt":{"rendered":"<p>CLARIN.SI oz. konzorcijski partner Institut &#8220;Jo\u017eef Stefan&#8221;, sodeluje v \u0161tirih Centrih znanja CLARIN: CLASSLA CLARIN center znanja za ju\u017enoslovanske jezike\u00a0nudi eksperizo o jezikovnih virih in tehnologijah za ju\u017enoslovanske jezike; ELEXIS CLARIN center znanja za leksikografijo nudi odprtodostopne podatke, orodja in storitve za slovaropisce; LLMs4SSH CLARIN center znanja za uporabo velikih jezikovnih modelov v humanistiki in [&hellip;]<\/p>\n","protected":false},"author":12,"featured_media":0,"parent":0,"menu_order":0,"comment_status":"closed","ping_status":"closed","template":"","meta":{"footnotes":""},"class_list":["post-6585","page","type-page","status-publish","hentry","has-post-title","has-post-date","has-post-category","has-post-tag","has-post-comment","has-post-author",""],"_links":{"self":[{"href":"https:\/\/www.clarin.si\/info\/wp-json\/wp\/v2\/pages\/6585","targetHints":{"allow":["GET"]}}],"collection":[{"href":"https:\/\/www.clarin.si\/info\/wp-json\/wp\/v2\/pages"}],"about":[{"href":"https:\/\/www.clarin.si\/info\/wp-json\/wp\/v2\/types\/page"}],"author":[{"embeddable":true,"href":"https:\/\/www.clarin.si\/info\/wp-json\/wp\/v2\/users\/12"}],"replies":[{"embeddable":true,"href":"https:\/\/www.clarin.si\/info\/wp-json\/wp\/v2\/comments?post=6585"}],"version-history":[{"count":11,"href":"https:\/\/www.clarin.si\/info\/wp-json\/wp\/v2\/pages\/6585\/revisions"}],"predecessor-version":[{"id":8034,"href":"https:\/\/www.clarin.si\/info\/wp-json\/wp\/v2\/pages\/6585\/revisions\/8034"}],"wp:attachment":[{"href":"https:\/\/www.clarin.si\/info\/wp-json\/wp\/v2\/media?parent=6585"}],"curies":[{"name":"wp","href":"https:\/\/api.w.org\/{rel}","templated":true}]}}