{"id":4252,"date":"2019-08-02T14:08:45","date_gmt":"2019-08-02T14:08:45","guid":{"rendered":"http:\/\/www.clarin.si\/info\/?page_id=4252"},"modified":"2020-09-08T15:33:58","modified_gmt":"2020-09-08T15:33:58","slug":"pogosta-vprasanja-za-bolgarscino","status":"publish","type":"page","link":"https:\/\/www.clarin.si\/info\/k-center\/pogosta-vprasanja-za-bolgarscino\/","title":{"rendered":"Pogosta vpra\u0161anja o jezikovnih virih in tehnologijah za bolgar\u0161\u010dino"},"content":{"rendered":"<p>Pogosta vpra\u0161anja o jezikovnih virih in tehnologijah z odgovori za bolgar\u0161\u010dino so na voljo v angle\u0161\u010dini na <a href=\"\/info\/k-centre\/faq4bulgarian\/\">tej povezavi<\/a>. Za druga povezana vpra\u0161anja pi\u0161ite na\u00a0<a href=\"mailto:helpdesk.classla@clarin.si?subject=FAQ_Bulgarian\">helpdesk.classla@clarin.si<\/a> z zadevo \u201cFAQ_Bulgarian\u201d.<\/p>\n<div id=\"themify_builder_content-4252\" data-postid=\"4252\" class=\"themify_builder_content themify_builder_content-4252 themify_builder\">\n    <\/div>\n<!-- \/themify_builder_content -->\n","protected":false},"excerpt":{"rendered":"<p>Pogosta vpra\u0161anja o jezikovnih virih in tehnologijah z odgovori za bolgar\u0161\u010dino so na voljo v angle\u0161\u010dini na tej povezavi. Za druga povezana vpra\u0161anja pi\u0161ite na\u00a0helpdesk.classla@clarin.si z zadevo \u201cFAQ_Bulgarian\u201d.<\/p>\n","protected":false},"author":11,"featured_media":0,"parent":3834,"menu_order":0,"comment_status":"closed","ping_status":"closed","template":"","meta":{"footnotes":""},"class_list":["post-4252","page","type-page","status-publish","hentry","has-post-title","has-post-date","has-post-category","has-post-tag","has-post-comment","has-post-author",""],"_links":{"self":[{"href":"https:\/\/www.clarin.si\/info\/wp-json\/wp\/v2\/pages\/4252","targetHints":{"allow":["GET"]}}],"collection":[{"href":"https:\/\/www.clarin.si\/info\/wp-json\/wp\/v2\/pages"}],"about":[{"href":"https:\/\/www.clarin.si\/info\/wp-json\/wp\/v2\/types\/page"}],"author":[{"embeddable":true,"href":"https:\/\/www.clarin.si\/info\/wp-json\/wp\/v2\/users\/11"}],"replies":[{"embeddable":true,"href":"https:\/\/www.clarin.si\/info\/wp-json\/wp\/v2\/comments?post=4252"}],"version-history":[{"count":6,"href":"https:\/\/www.clarin.si\/info\/wp-json\/wp\/v2\/pages\/4252\/revisions"}],"predecessor-version":[{"id":4645,"href":"https:\/\/www.clarin.si\/info\/wp-json\/wp\/v2\/pages\/4252\/revisions\/4645"}],"up":[{"embeddable":true,"href":"https:\/\/www.clarin.si\/info\/wp-json\/wp\/v2\/pages\/3834"}],"wp:attachment":[{"href":"https:\/\/www.clarin.si\/info\/wp-json\/wp\/v2\/media?parent=4252"}],"curies":[{"name":"wp","href":"https:\/\/api.w.org\/{rel}","templated":true}]}}