{"id":3840,"date":"2019-03-20T13:36:25","date_gmt":"2019-03-20T13:36:25","guid":{"rendered":"http:\/\/www.clarin.si\/info\/?page_id=3840"},"modified":"2020-09-08T15:30:18","modified_gmt":"2020-09-08T15:30:18","slug":"pogosta-vprasanja-za-srbscino","status":"publish","type":"page","link":"https:\/\/www.clarin.si\/info\/k-center\/pogosta-vprasanja-za-srbscino\/","title":{"rendered":"Pogosta vpra\u0161anja o jezikovnih virih in tehnologijah za srb\u0161\u010dino"},"content":{"rendered":"<p>Pogosta vpra\u0161anja o jezikovnih virih in tehnologijah z odgovori za srb\u0161\u010dino so na voljo v angle\u0161\u010dini na <a href=\"\/info\/k-centre\/faq4serbian\/\">tej povezavi<\/a>. Za druga povezana vpra\u0161anja pi\u0161ite na <a href=\"mailto:helpdesk.classla@clarin.si?subject=FAQ_Serbian\">helpdesk.classla@clarin.si<\/a> z zadevo &#8220;FAQ_Serbian&#8221;.<\/p>\n<div id=\"themify_builder_content-3840\" data-postid=\"3840\" class=\"themify_builder_content themify_builder_content-3840 themify_builder\">\n    <\/div>\n<!-- \/themify_builder_content -->\n","protected":false},"excerpt":{"rendered":"<p>Pogosta vpra\u0161anja o jezikovnih virih in tehnologijah z odgovori za srb\u0161\u010dino so na voljo v angle\u0161\u010dini na tej povezavi. Za druga povezana vpra\u0161anja pi\u0161ite na helpdesk.classla@clarin.si z zadevo &#8220;FAQ_Serbian&#8221;.<\/p>\n","protected":false},"author":3,"featured_media":0,"parent":3834,"menu_order":0,"comment_status":"closed","ping_status":"closed","template":"","meta":{"footnotes":""},"class_list":["post-3840","page","type-page","status-publish","hentry","has-post-title","has-post-date","has-post-category","has-post-tag","has-post-comment","has-post-author",""],"_links":{"self":[{"href":"https:\/\/www.clarin.si\/info\/wp-json\/wp\/v2\/pages\/3840","targetHints":{"allow":["GET"]}}],"collection":[{"href":"https:\/\/www.clarin.si\/info\/wp-json\/wp\/v2\/pages"}],"about":[{"href":"https:\/\/www.clarin.si\/info\/wp-json\/wp\/v2\/types\/page"}],"author":[{"embeddable":true,"href":"https:\/\/www.clarin.si\/info\/wp-json\/wp\/v2\/users\/3"}],"replies":[{"embeddable":true,"href":"https:\/\/www.clarin.si\/info\/wp-json\/wp\/v2\/comments?post=3840"}],"version-history":[{"count":9,"href":"https:\/\/www.clarin.si\/info\/wp-json\/wp\/v2\/pages\/3840\/revisions"}],"predecessor-version":[{"id":4641,"href":"https:\/\/www.clarin.si\/info\/wp-json\/wp\/v2\/pages\/3840\/revisions\/4641"}],"up":[{"embeddable":true,"href":"https:\/\/www.clarin.si\/info\/wp-json\/wp\/v2\/pages\/3834"}],"wp:attachment":[{"href":"https:\/\/www.clarin.si\/info\/wp-json\/wp\/v2\/media?parent=3840"}],"curies":[{"name":"wp","href":"https:\/\/api.w.org\/{rel}","templated":true}]}}