{"id":3834,"date":"2019-03-20T13:34:19","date_gmt":"2019-03-20T13:34:19","guid":{"rendered":"http:\/\/www.clarin.si\/info\/?page_id=3834"},"modified":"2024-05-27T12:15:43","modified_gmt":"2024-05-27T12:15:43","slug":"k-center","status":"publish","type":"page","link":"https:\/\/www.clarin.si\/info\/k-center\/","title":{"rendered":"CLASSLA: K-CENTER ZA JU\u017dNOSLOVANSKE JEZIKE"},"content":{"rendered":"<p>K-center oz. sredi\u0161\u010de znanja CLARIN za ju\u017enoslovanske jezike (CLASSLA) zagotavlja <strong>strokovno podporo pri uporabi jezikovnih virov in tehnologij za ju\u017enoslovanske jezike<\/strong>. Glavne dejavnosti sredi\u0161\u010da CLASSLA vklju\u010dujejo (1) posredovanje informacij prek dokumentacije o razpolo\u017eljivih virih in tehnologijah raziskovalcem, \u0161tudentom, ljubiteljskim znanstvenikom in drugim zainteresiranim posameznikom, (2) tehni\u010dno podporo pri ustvarjanju, preoblikovanju in objavljanju virov in tehnologij in (3) organizacijo izobra\u017eevanj. CLASSLA je podrobneje predstavljena v <a href=\"https:\/\/www.clarin.eu\/blog\/tour-de-clarin-clarin-knowledge-centre-south-slavic-languages-classla\" target=\"_blank\" rel=\"noopener\">\u010dlanku pobude Tour de CLARIN<\/a>, v katerem izveste ve\u010d o aktivnostih in poslanstvu centra.<\/p>\n<p><strong>Tehni\u010dna podpora<\/strong>, na katero se obrnete na naslovu <a href=\"mailto:helpdesk.classla@clarin.si\">helpdesk.classla@clarin.si<\/a>, vam lahko pomaga z dodatnimi pojasnili glede dokumentacije sredi\u0161\u010da CLASSLA (ve\u010d spodaj) in nudi podporo pri uporabi, preoblikovanju, ustvarjanju in objavljanju virov in tehnologij za ju\u017enoslovanske jezike.<\/p>\n<p>V sredi\u0161\u010du znanja CLASSLA so trenutno na voljo <strong>pogosta vpra\u0161anja z odgovori (FAQ)<\/strong> za <a href=\"https:\/\/www.clarin.si\/info\/k-center\/pogosta-vprasanja-za-slovenscino\/\">sloven\u0161\u010dino<\/a>,\u00a0<a href=\"https:\/\/www.clarin.si\/info\/k-centre\/faq4croatian\">hrva\u0161\u010dino,<\/a>\u00a0<a href=\"https:\/\/www.clarin.si\/info\/k-centre\/faq4serbian\">srb\u0161\u010dino<\/a>, <a href=\"https:\/\/www.clarin.si\/info\/k-centre\/faq4bulgarian\/\">bolgar\u0161\u010dino<\/a> in <a href=\"https:\/\/www.clarin.si\/info\/k-centre\/faq4macedonian\/\">makedon\u0161\u010dino<\/a>. Poleg tega pa tam najdete tudi <a href=\"https:\/\/www.clarin.si\/info\/k-center\/spletne-storitve\/\">navodila<\/a> za uporabo spletnih storitev CLARIN.SI, ki so trenutno prilagojene za sloven\u0161\u010dino, hrva\u0161\u010dino in srb\u0161\u010dino.<\/p>\n<p>CLASSLA vodi<strong> po\u0161tni seznam<\/strong>, prek katerega obve\u0161\u010da o novih virih, tehnologijah, dogodkih in projektih za ju\u017enoslovanske jezike. Vabljeni, da se mu pridru\u017eite <a href=\"https:\/\/mailman.ijs.si\/mailman\/listinfo\/classla\" target=\"_blank\" rel=\"noopener\">na tej povezavi<\/a>. Najpomembnej\u0161e novice s po\u0161tnega seznama lahko najdete tudi na <a href=\"https:\/\/www.clarin.si\/info\/k-centre\/\" target=\"_blank\" rel=\"noopener\">angle\u0161ki strani sredi\u0161\u010da znanja<\/a>.<\/p>\n<p>Aktivnosti sredi\u0161\u010da znanja CLASSLA, infrastrukture CLARIN.SI in povezanih raziskovalcev lahko spremljate tudi prek:<\/p>\n<ul>\n<li>profila CLARIN.SI na dru\u017ebenih omre\u017ejih <a href=\"https:\/\/x.com\/ClarinSlovenia\" target=\"_blank\" rel=\"noopener\">X<\/a> in <a href=\"https:\/\/www.linkedin.com\/company\/clarin-si\" target=\"_blank\" rel=\"noopener\">LinkedIn<\/a><\/li>\n<li>skupine <a href=\"https:\/\/discord.com\/invite\/vQDRpGMU7C\" target=\"_blank\" rel=\"noopener\">Slovenska skupnost za jezikovne vire in tehnologije na Discordu<\/a><\/li>\n<\/ul>\n<p>Nove vire in tehnologije sredi\u0161\u010da CLASSLA in infrastrukture CLARIN.SI pa najdete na:<\/p>\n<ul>\n<li><a href=\"https:\/\/www.clarin.si\/repository\/xmlui\/?locale-attribute=sl\" target=\"_blank\" rel=\"noopener\">repozitoriju CLARIN.SI<\/a><\/li>\n<li>repozitoriju <a href=\"https:\/\/huggingface.co\/classla\" target=\"_blank\" rel=\"noopener\">HuggingFace (profil CLASSLA)<\/a><\/li>\n<li>repozitoriju <a href=\"https:\/\/github.com\/clarinsi\" target=\"_blank\" rel=\"noopener\">GitHub<\/a><\/li>\n<\/ul>\n<p>Sredi\u0161\u010de znanja CLASSLA upravljajo raziskovalni infrastrukturi <a href=\"https:\/\/www.clarin.si\/info\/o-projektu\/\">CLARIN.SI<\/a> in <a href=\"https:\/\/clada-bg.eu\" target=\"_blank\" rel=\"noopener\">CLADA-BG<\/a> ter <a href=\"http:\/\/ihjj.hr\/\" target=\"_blank\" rel=\"noopener\">Institut za hrva\u0161ki jezik in jezikoslovje<\/a>.<\/p>\n<p><a href=\"https:\/\/www.clarin.si\/info\/wp-content\/uploads\/2024\/05\/CLASSLA-k-centre-transparent-background.png\"><img loading=\"lazy\" decoding=\"async\" class=\"wp-image-7391 aligncenter\" src=\"https:\/\/www.clarin.si\/info\/wp-content\/uploads\/2024\/05\/CLASSLA-k-centre-transparent-background.png\" alt=\"\" width=\"416\" height=\"137\" srcset=\"https:\/\/www.clarin.si\/info\/wp-content\/uploads\/2024\/05\/CLASSLA-k-centre-transparent-background.png 1419w, https:\/\/www.clarin.si\/info\/wp-content\/uploads\/2024\/05\/CLASSLA-k-centre-transparent-background-300x99.png 300w, https:\/\/www.clarin.si\/info\/wp-content\/uploads\/2024\/05\/CLASSLA-k-centre-transparent-background-1024x336.png 1024w, https:\/\/www.clarin.si\/info\/wp-content\/uploads\/2024\/05\/CLASSLA-k-centre-transparent-background-768x252.png 768w\" sizes=\"auto, (max-width: 416px) 100vw, 416px\" \/><\/a><\/p>\n<div id=\"themify_builder_content-3834\" data-postid=\"3834\" class=\"themify_builder_content themify_builder_content-3834 themify_builder\">\n    <\/div>\n<!-- \/themify_builder_content -->\n","protected":false},"excerpt":{"rendered":"<p>K-center oz. sredi\u0161\u010de znanja CLARIN za ju\u017enoslovanske jezike (CLASSLA) zagotavlja strokovno podporo pri uporabi jezikovnih virov in tehnologij za ju\u017enoslovanske jezike. Glavne dejavnosti sredi\u0161\u010da CLASSLA vklju\u010dujejo (1) posredovanje informacij prek dokumentacije o razpolo\u017eljivih virih in tehnologijah raziskovalcem, \u0161tudentom, ljubiteljskim znanstvenikom in drugim zainteresiranim posameznikom, (2) tehni\u010dno podporo pri ustvarjanju, preoblikovanju in objavljanju virov in tehnologij [&hellip;]<\/p>\n","protected":false},"author":3,"featured_media":0,"parent":0,"menu_order":0,"comment_status":"closed","ping_status":"closed","template":"","meta":{"footnotes":""},"class_list":["post-3834","page","type-page","status-publish","hentry","has-post-title","has-post-date","has-post-category","has-post-tag","has-post-comment","has-post-author",""],"_links":{"self":[{"href":"https:\/\/www.clarin.si\/info\/wp-json\/wp\/v2\/pages\/3834","targetHints":{"allow":["GET"]}}],"collection":[{"href":"https:\/\/www.clarin.si\/info\/wp-json\/wp\/v2\/pages"}],"about":[{"href":"https:\/\/www.clarin.si\/info\/wp-json\/wp\/v2\/types\/page"}],"author":[{"embeddable":true,"href":"https:\/\/www.clarin.si\/info\/wp-json\/wp\/v2\/users\/3"}],"replies":[{"embeddable":true,"href":"https:\/\/www.clarin.si\/info\/wp-json\/wp\/v2\/comments?post=3834"}],"version-history":[{"count":55,"href":"https:\/\/www.clarin.si\/info\/wp-json\/wp\/v2\/pages\/3834\/revisions"}],"predecessor-version":[{"id":7400,"href":"https:\/\/www.clarin.si\/info\/wp-json\/wp\/v2\/pages\/3834\/revisions\/7400"}],"wp:attachment":[{"href":"https:\/\/www.clarin.si\/info\/wp-json\/wp\/v2\/media?parent=3834"}],"curies":[{"name":"wp","href":"https:\/\/api.w.org\/{rel}","templated":true}]}}