{"id":3818,"date":"2019-03-20T13:17:08","date_gmt":"2019-03-20T13:17:08","guid":{"rendered":"http:\/\/www.clarin.si\/info\/?page_id=3818"},"modified":"2026-02-23T13:12:36","modified_gmt":"2026-02-23T13:12:36","slug":"storitve","status":"publish","type":"page","link":"https:\/\/www.clarin.si\/info\/storitve\/","title":{"rendered":"Storitve"},"content":{"rendered":"<p>CLARIN.SI poleg <a href=\"https:\/\/www.clarin.si\/info\/o-repozitoriju\/\">repozitorija<\/a> in <a href=\"https:\/\/www.clarin.si\/info\/konkordance\/\">spletnih konkordan\u010dnikov<\/a> zagotavlja tudi naslednje storitve.<\/p>\n\n<h4><strong>Samodejno ozna\u010devanje besedil<\/strong><\/h4>\n<p>CLARIN.SI ponuja spletno storitev za strojno jezikovno ozna\u010devanje besedil\u00a0<a href=\"https:\/\/clarin.si\/oznacevalnik\/slv\/\" target=\"_blank\" rel=\"noopener\"><strong>Ozna\u010devalnik CLASSLA<\/strong><\/a>. Ozna\u010devalnik temelji na <a href=\"https:\/\/github.com\/clarinsi\/classla\" target=\"_blank\" rel=\"noopener\">cevovodu za jezikovno ozna\u010devanje CLASSLA-Stanza<\/a> in omogo\u010da jezikovno ozna\u010devanje standardne bolgar\u0161\u010dine, hrva\u0161\u010dine, makedon\u0161\u010dine, sloven\u0161\u010dine in srb\u0161\u010dine, ter nestandardne (pogovorne) hrva\u0161\u010dine, sloven\u0161\u010dine in srb\u0161\u010dine. Orodje pripi\u0161e besedilu informacije o lemah, oblikoskladenjskih oznakah, skladnji, imenskih entitetah in pri nekaterih jezikih podpira tudi ozna\u010devanje udele\u017eenskih vlog. Za ve\u010d podrobnosti si oglejte <a href=\"https:\/\/clarin.si\/oznacevalnik\/slv\/about\" target=\"_blank\" rel=\"noopener\">opis spletnega vmesnika za ozna\u010devanje<\/a>.<\/p>\n<p>Ozna\u010devalnik CLASSLA nadome\u0161\u010da starej\u0161o storitev za ozna\u010devanje besedil <strong>ReLDIanno<\/strong>, ki je omogo\u010dala obdelavo treh ju\u017enoslovanskih jezikov: slovenskega, hrva\u0161kega in srbskega. Storitev ReLDIanno ni ve\u010d na voljo prek spletne storitve, \u0161e vedno pa jo lahko uporabite\u00a0<a href=\"http:\/\/www.clarin.si\/info\/k-centre\/web-services-documentation\/#library\" target=\"_blank\" rel=\"noopener\">prek knji\u017enice Python<\/a>. Ve\u010d o tej storitvi si lahko preberete na strani <a href=\"https:\/\/www.clarin.si\/info\/k-centre\/web-services-documentation\/\">sredi\u0161\u010da znanja CLASSLA<\/a>.<\/p>\n<h4><strong>Ro\u010dno ozna\u010devanje besedil<\/strong><\/h4>\n<p>CLARIN.SI gosti orodje za ro\u010dno ozna\u010devanje korpusov na spletu <a href=\"https:\/\/clarin.si\/webanno\">WebAnno<\/a>. \u010ce \u017eelite izvedeti ve\u010d o orodju WebAnno, obi\u0161\u010dite <a href=\"https:\/\/webanno.github.io\/webanno\/\">doma\u010do stran<\/a> projekta. \u010ce \u017eelite ustvariti ra\u010dun na <a href=\"http:\/\/clarin.si\/webanno\">WebAnno@CLARIN.SI<\/a>, nam na <a href=\"mailto:info@clarin.si\">info@clarin.si<\/a> po\u0161ljite e-po\u0161tno sporo\u010dilo, v katerem pojasnite, kdo ste in zakaj potrebujete dostop.<\/p>\n<h4 class=\"v1elementToProof\"><b>Podpora pri zbiranju posnetkov govora na terenu\u00a0<\/b><\/h4>\n<p class=\"v1elementToProof\">CLARIN.SI prek partnerja <a href=\"https:\/\/feri.um.si\/\">UM FERI<\/a> nudi podporo pri zbiranju posnetkov govora na terenu. \u010ce boste v svoji raziskavi snemali govor na terenu in se ne \u017eelite ukvarjati s pravnimi podlagami za zbiranje posnetkov, urejanjem podatkov o posnetkih in govorcih ter prena\u0161anjem avdio ali video datotek na daljavo, lahko uporabite re\u0161itve portala <a href=\"https:\/\/govorjena-slovenscina.um.si\/\"><strong>Govorjena sloven\u0161\u010dina<\/strong><\/a>. Preberite <a href=\"https:\/\/govorjena-slovenscina.um.si\/kako-snemati\/\"><strong>navodila za snemanje<\/strong><\/a> in druge vsebine portala ter kontaktirajte avtorje portala ali pi\u0161ite na\u00a0<a class=\"v1moz-txt-link-abbreviated\" href=\"mailto:govorjena-slo@um.si\" rel=\"noreferrer\">govorjena-slo@um.si<\/a>, da se dogovorite o podrobnostih izvedbe.<\/p>\n<p class=\"v1elementToProof\">Na voljo so tudi podrobna navodila, kako <a href=\"https:\/\/govorjena-slovenscina.um.si\/transkribiranje\/\">transkribirati govor<\/a>.<\/p>\n<h4><strong>Hranjenje in sodelovalni razvoj<br \/>\n<\/strong><\/h4>\n<p>CLARIN.SI ima na platformi <a href=\"https:\/\/github.com\">GitHub<\/a> svojo virtualno organizacijo <a href=\"https:\/\/github.com\/clarinsi\">CLARINSI<\/a>, ki gosti \u0161tevilne projekte v zvezi z jezikovnimi viri in tehnologijami, kot so oblikoskladenjski ozna\u010devalniki in ozna\u010devalniki imenskih entitet, besedni normalizatorji, standardi za jezikoslovne zapise in konverzije med jezikovnimi formalizmi.<\/p>\n<p>CLARIN.SI tudi gosti stre\u017enik <a href=\"https:\/\/gitlab.com\">GitLab<\/a>, ki nudi platformo razvijalcem jezikovnih orodij in virov. Njegova prednost v primerjavi s platformo GitHub je, da omogo\u010da brezpla\u010dno ustvarjanje zasebnih projektov, poleg tega pa se skrbni\u0161tvo za programe ne prenese na podjetja v ZDA. \u010ce \u017eelite ustvariti ra\u010dun na <a href=\"https:\/\/gitlab.clarin.si\/\">GitLab@CLARIN.SI<\/a>, nam na <a href=\"mailto:info@clarin.si\">info@clarin.si<\/a> po\u0161ljite e-po\u0161tno sporo\u010dilo, v katerem pojasnite, kdo ste in zakaj potrebujete dostop.<\/p>\n<h4><strong>Platforma za vrednotenje velikih jezikovnih modelov<\/strong><\/h4>\n<p>CLARIN.SI v sodelovanju s <a href=\"https:\/\/www.clarin.si\/info\/k-center\/\" target=\"_blank\" rel=\"noopener\">sredi\u0161\u010dem znanja CLASSLA<\/a> gosti <a href=\"https:\/\/www.clarin.si\/classla-llm-dashboard\/\" target=\"_blank\" rel=\"noopener\"><strong>platformo CLASSLA za vrednotenje velikih jezikovnih modelov (VJM) za ju\u017enoslovanske jezike<\/strong><\/a>. Ta interaktivna platforma omogo\u010da primerjavo uspe\u0161nosti velikih jezikovnih modelov in drugih tehnologij na razli\u010dnih nalogah v ju\u017enoslovanskih jezikih in nare\u010djih s podro\u010dij kategorizacije besedil in zdravorazumskega sklepanja. Podrobnej\u0161e informacije o primerjanih modelih in o testnih mno\u017eicah se nahajajo v <a href=\"https:\/\/doi.org\/10.48550\/arXiv.2511.07989\" target=\"_blank\" rel=\"noopener\">\u010dlanku, ki predstavlja vrednotenje modelov<\/a>, koda pa je objavljena na <a href=\"https:\/\/github.com\/TajaKuzman\/Benchmarking-Text-Classification-on-South-Slavic\" target=\"_blank\" rel=\"noopener\">platformi GitHub<\/a>.<\/p>\n<h4><strong>Poenostavljanje in analiza besedil<\/strong><\/h4>\n<p>CLARIN.SI prek partnerja <a href=\"https:\/\/www.cjvt.si\/\">CJVT UL<\/a> gosti storitev za poenostavljanje in analizo slovenskih besedil SENTA. Posebna pozornost pri izdelavi orodja je bila posve\u010dena dostopnosti za uporabnike s posebnimi potrebami. \u010ce \u017eelite preizkusiti orodje SENTA in izvedeti kaj ve\u010d o njem, obi\u0161\u010dite <a href=\"https:\/\/senta.cjvt.si\/o-projektu\">stran storitve<\/a>.<\/p>\n<h4><strong>Povzemanje korpusnih podatkov<\/strong><\/h4>\n<p>CLARIN.SI prek partnerja <a href=\"https:\/\/www.cjvt.si\/\">CJVT UL<\/a> gosti storitev za povzemanje korpusnih podatkov Korpusnik, ki na uporabniku prijazen na\u010din prika\u017ee statisti\u010dne in besedilne podatke iz petih korpusov slovenskega jezika. Posebna pozornost pri izdelavi orodja je bila posve\u010dena dostopnosti za uporabnike s posebnimi potrebami. Ve\u010d o Korpusniku si lahko preberete na <a href=\"https:\/\/korpusnik.cjvt.si\/\">spletni strani orodja<\/a>.<\/p>\n<h4><strong>Prenos znanja<br \/>\n<\/strong><\/h4>\n<p>CLARIN.SI podpira snemanje in arhiviranje <a href=\"https:\/\/www.sdjt.si\/wp\/dogodki\/jota\/\">predavanj JOTA<\/a>, ki jih organizira <a href=\"https:\/\/www.sdjt.si\/wp\/o-drustvu\/\">Slovensko dru\u0161tvo za jezikovne tehnologije<\/a> in so dostopna na portalu <a href=\"https:\/\/videolectures.net\/jota\/\">VideoLectures<\/a>. Na portalu VideoLectures so na voljo tudi posnetki nekaterih <a href=\"https:\/\/videolectures.net\/clarin\/\">drugih dogodkov v povezavi z infrastrukturo CLARIN<\/a>.<\/p>\n<div id=\"themify_builder_content-3818\" data-postid=\"3818\" class=\"themify_builder_content themify_builder_content-3818 themify_builder\">\n    <\/div>\n<!-- \/themify_builder_content -->\n","protected":false},"excerpt":{"rendered":"<p>CLARIN.SI poleg repozitorija in spletnih konkordan\u010dnikov zagotavlja tudi naslednje storitve. Samodejno ozna\u010devanje besedil CLARIN.SI ponuja spletno storitev za strojno jezikovno ozna\u010devanje besedil\u00a0Ozna\u010devalnik CLASSLA. Ozna\u010devalnik temelji na cevovodu za jezikovno ozna\u010devanje CLASSLA-Stanza in omogo\u010da jezikovno ozna\u010devanje standardne bolgar\u0161\u010dine, hrva\u0161\u010dine, makedon\u0161\u010dine, sloven\u0161\u010dine in srb\u0161\u010dine, ter nestandardne (pogovorne) hrva\u0161\u010dine, sloven\u0161\u010dine in srb\u0161\u010dine. Orodje pripi\u0161e besedilu informacije o lemah, [&hellip;]<\/p>\n","protected":false},"author":3,"featured_media":0,"parent":0,"menu_order":0,"comment_status":"closed","ping_status":"closed","template":"","meta":{"footnotes":""},"class_list":["post-3818","page","type-page","status-publish","hentry","has-post-title","has-post-date","has-post-category","has-post-tag","has-post-comment","has-post-author",""],"_links":{"self":[{"href":"https:\/\/www.clarin.si\/info\/wp-json\/wp\/v2\/pages\/3818","targetHints":{"allow":["GET"]}}],"collection":[{"href":"https:\/\/www.clarin.si\/info\/wp-json\/wp\/v2\/pages"}],"about":[{"href":"https:\/\/www.clarin.si\/info\/wp-json\/wp\/v2\/types\/page"}],"author":[{"embeddable":true,"href":"https:\/\/www.clarin.si\/info\/wp-json\/wp\/v2\/users\/3"}],"replies":[{"embeddable":true,"href":"https:\/\/www.clarin.si\/info\/wp-json\/wp\/v2\/comments?post=3818"}],"version-history":[{"count":44,"href":"https:\/\/www.clarin.si\/info\/wp-json\/wp\/v2\/pages\/3818\/revisions"}],"predecessor-version":[{"id":8818,"href":"https:\/\/www.clarin.si\/info\/wp-json\/wp\/v2\/pages\/3818\/revisions\/8818"}],"wp:attachment":[{"href":"https:\/\/www.clarin.si\/info\/wp-json\/wp\/v2\/media?parent=3818"}],"curies":[{"name":"wp","href":"https:\/\/api.w.org\/{rel}","templated":true}]}}