{"id":2629,"date":"2014-09-01T09:54:52","date_gmt":"2014-09-01T09:54:52","guid":{"rendered":"http:\/\/www.clarin.si\/info\/?page_id=2629"},"modified":"2021-05-31T09:27:15","modified_gmt":"2021-05-31T09:27:15","slug":"zasebnost-privacy","status":"publish","type":"page","link":"https:\/\/www.clarin.si\/info\/zasebnost-privacy\/","title":{"rendered":"Zasebnost in pi\u0161kotki \/ Privacy and Cookies Policies"},"content":{"rendered":"<p>Spletno mesto <a href=\"http:\/\/www.clarin.si\">www.clarin.si<\/a>\u00a0uporablja pi\u0161kotke. S pi\u0161kotki vas osebno ne identificiramo. Ko vstopite na na\u0161e spleti\u0161\u010de, se informacije o vas (datum, \u010das, stran) shranijo na na\u0161em stre\u017eniku v obliki \u201cpi\u0161kotkov\u201d. To so izklju\u010dno statisti\u010dni podatki, ki se uporabljajo le v anonimni obliki za potrebe statistike Googlove analitike obiskanosti spletnih strani. Pi\u0161kotke tu uporabljamo za \u0161tetje obiskovalcev ter shranjevanje va\u0161ih nastavitev, kot je na primer izbor jezika, v katerem si \u017eelite strani ogledovati.<br \/>\nZ uporabo tega spletnega mesta se strinjate, da spletno mesto www.art-tecaji.com nastavi pi\u0161kotke na va\u0161i napravi.<\/p>\n<p>NAMEN uporabe pi\u0161kotkov:<br \/>\nAnalitika (\u0161tetje uporabnikov, razlikovanje med posameznimi obiskovalci, statistika, bele\u017eenje unikatnih obiskovalcev, bele\u017eenje obiskov)<br \/>\nIzvedbeni pi\u0161kotki<br \/>\nFunkcionalni pi\u0161kotki (informacija o uporabni\u0161kem imenu, jeziku ali regiji, kjer se nahaja uporabnik)<br \/>\nSejni pi\u0161kotki<br \/>\nTrajni pi\u0161kotki<br \/>\nPi\u0161kotki, ki so vezani na vti\u010dnike dru\u017ebenih omre\u017eij in storitev (Facebook, Twitter itd.)<\/p>\n<p>ZAKAJ NA\u0160A SPLETNA STRAN POTREBUJE PI\u0160KOTKE?<br \/>\nPi\u0161kotki na\u0161emu spletnemu stre\u017eniku omogo\u010dijo, da posameznemu uporabniku predstavi prilagojene spletne strani. Tako je do\u017eivetje ob obisku spletne strani bolj prijetno, saj je prilagojeno potrebam posameznega uporabnika. Interakcija med uporabnikom in spletnim mestom je s pomo\u010djo pi\u0161kotkov hitrej\u0161a in enostavnej\u0161a. Spletna stran si \u201czapomni\u201d posameznikove preference in izku\u0161nje, s tem pa je uporabniku ob ponovnem obisku prihranjen \u010das, brskanje po spletnih straneh pa je tako bolj u\u010dinkovito.<\/p>\n<p>NADZOR NAD PI\u0160KOTKI V BRSKALNIKU<br \/>\n\u010ce \u017eelite spremeniti na\u010din uporabe pi\u0161kotkov v brskalniku, vklju\u010dno z blokiranjem ali izbrisom, lahko to storite z ustrezno spremembo nastavitev brskalnika na va\u0161i napravi.<\/p>\n<p>Kako izklju\u010diti pi\u0161kotke v spletnem brskalniku in odgovori na nekatera pogosta vpra\u0161anja o pi\u0161kotkih:<\/p>\n<ul>\n<li><a title=\"Izklju\u010ditev pi\u0161kotkov\" href=\"http:\/\/windows.microsoft.com\/sl-si\/windows-vista\/cookies-frequently-asked-questions\" target=\"_blank\" rel=\"noopener\">Internet Explorer<\/a><\/li>\n<li><a title=\"Izklju\u010ditev pi\u0161kotkov\" href=\"https:\/\/support.google.com\/chrome\/answer\/95647?hl=sl\" target=\"_blank\" rel=\"noopener\">Google Chrome<\/a><\/li>\n<li><a title=\"Izklju\u010ditev pi\u0161kotkov\" href=\"http:\/\/support.mozilla.org\/sl\/kb\/cookies-information-websites-store-on-your-computer\" target=\"_blank\" rel=\"noopener\">Mozilla Firefox<\/a><\/li>\n<li><a title=\"Izklju\u010ditev pi\u0161kotkov\" href=\"http:\/\/www.opera.com\/browser\/tutorials\/security\/privacy\/\" target=\"_blank\" rel=\"noopener\">Opera<\/a><\/li>\n<li><a title=\"Izklju\u010ditev pi\u0161kotkov\" href=\"http:\/\/www.apple.com\/support\/safari\/\" target=\"_blank\" rel=\"noopener\">Safari<\/a><\/li>\n<\/ul>\n<hr \/>\n<p>Website <a href=\"http:\/\/www.clarin.si\/\">www.clarin.si<\/a> uses cookies. By browsing these web pages, you consent to the use of cookies. Cookies are small pieces of text sent by your web browser by a website you visit. A cookie file is stored in your web browser and allows this web site or a third-party to recognize you and make your next visit easier and the service more useful to you. Cookies can be &#8220;persistent&#8221; or &#8220;session&#8221; cookies. When you use and access our website, we may place a number of cookies files in your web browser.<\/p>\n<p>We use cookies for the following purposes: to enable certain functions of the webpage, to provide analytics, to store your preferences. We may use essential cookies to authenticate users and prevent fraudulent use of user accounts. In addition to our own cookies, we may also use various third-parties cookies to report usage statistics, enable social media connection, and so on.<\/p>\n<p>If you&#8217;d like to delete cookies or instruct your web browser to delete or refuse cookies, please visit the help pages of your web browser. Please note, however, that if you delete cookies or refuse to accept them, you might not be able to use all of the features we offer, you may not be able to store your preferences, and some of our pages might not display properly.<\/p>\n<p>You can learn more about cookies and the following third-party websites: <a href=\"https:\/\/www.allaboutcookies.org\/\">AllAboutCookies<\/a><\/p>\n<div id=\"themify_builder_content-2629\" data-postid=\"2629\" class=\"themify_builder_content themify_builder_content-2629 themify_builder\">\n    <\/div>\n<!-- \/themify_builder_content -->\n","protected":false},"excerpt":{"rendered":"<p>Spletno mesto www.clarin.si\u00a0uporablja pi\u0161kotke. S pi\u0161kotki vas osebno ne identificiramo. Ko vstopite na na\u0161e spleti\u0161\u010de, se informacije o vas (datum, \u010das, stran) shranijo na na\u0161em stre\u017eniku v obliki \u201cpi\u0161kotkov\u201d. To so izklju\u010dno statisti\u010dni podatki, ki se uporabljajo le v anonimni obliki za potrebe statistike Googlove analitike obiskanosti spletnih strani. Pi\u0161kotke tu uporabljamo za \u0161tetje obiskovalcev [&hellip;]<\/p>\n","protected":false},"author":3,"featured_media":0,"parent":0,"menu_order":0,"comment_status":"closed","ping_status":"closed","template":"","meta":{"footnotes":""},"class_list":["post-2629","page","type-page","status-publish","hentry","has-post-title","has-post-date","has-post-category","has-post-tag","has-post-comment","has-post-author",""],"_links":{"self":[{"href":"https:\/\/www.clarin.si\/info\/wp-json\/wp\/v2\/pages\/2629","targetHints":{"allow":["GET"]}}],"collection":[{"href":"https:\/\/www.clarin.si\/info\/wp-json\/wp\/v2\/pages"}],"about":[{"href":"https:\/\/www.clarin.si\/info\/wp-json\/wp\/v2\/types\/page"}],"author":[{"embeddable":true,"href":"https:\/\/www.clarin.si\/info\/wp-json\/wp\/v2\/users\/3"}],"replies":[{"embeddable":true,"href":"https:\/\/www.clarin.si\/info\/wp-json\/wp\/v2\/comments?post=2629"}],"version-history":[{"count":5,"href":"https:\/\/www.clarin.si\/info\/wp-json\/wp\/v2\/pages\/2629\/revisions"}],"predecessor-version":[{"id":5071,"href":"https:\/\/www.clarin.si\/info\/wp-json\/wp\/v2\/pages\/2629\/revisions\/5071"}],"wp:attachment":[{"href":"https:\/\/www.clarin.si\/info\/wp-json\/wp\/v2\/media?parent=2629"}],"curies":[{"name":"wp","href":"https:\/\/api.w.org\/{rel}","templated":true}]}}