{"id":2585,"date":"2014-08-27T16:56:50","date_gmt":"2014-08-27T16:57:14","guid":{"rendered":"http:\/\/www.clarin.si\/info\/?page_id=2585"},"modified":"2023-11-20T10:14:57","modified_gmt":"2023-11-20T10:14:57","slug":"upravljanje","status":"publish","type":"page","link":"https:\/\/www.clarin.si\/info\/upravljanje\/","title":{"rendered":"Upravljanje"},"content":{"rendered":"<h4><strong>\u010clan CLARIN.SI pri Generalni skup\u0161\u010dini CLARIN ERIC<\/strong><\/h4>\n<p>Albin Kralj, <a href=\"https:\/\/www.gov.si\/drzavni-organi\/ministrstva\/ministrstvo-za-izobrazevanje-znanost-in-sport\/\">Ministrstvo za izobra\u017eevanje, znanost in \u0161port Republike Slovenije<\/a><\/p>\n<h4><strong>Nacionalni koordinator CLARIN.SI<\/strong><\/h4>\n<p><a href=\"https:\/\/nl.ijs.si\/et\/\">Toma\u017e Erjavec<\/a>, <a class=\"navbar-link\" href=\"https:\/\/kt.ijs.si\/\">Odsek za tehnologije znanja,<\/a> <a class=\"navbar-link\" href=\"https:\/\/www.ijs.si\/\">Institut &#8220;Jo\u017eef Stefan&#8221;<\/a><\/p>\n<h4><strong>Organizacijska struktura CLARIN.SI<\/strong><\/h4>\n<p>Slovenska raziskovalna infrastruktura CLARIN.SI je vzpostavljena kot dolgoro\u010dni infrastrukturni projekt v okviru evropskega konzorcija <a href=\"https:\/\/www.clarin.eu\/\">CLARIN ERIC<\/a> (European Research Infrastructures Consortium).<\/p>\n<p>CLARIN.SI je organiziran kot nacionalni konzorcij, ki nima narave pravne osebe. V konzorcij se lahko vklju\u010dijo zavodi, gospodarske dru\u017ebe, dru\u0161tva in druge pravne osebe, ki se ukvarjajo s podro\u010djem razvoja in uporabe jezikovnih virov, orodij in tehnologij za slovenski jezik. Partnerji konzorcija so podpisali <a href=\"https:\/\/www.clarin.si\/info\/wp-content\/uploads\/2014\/10\/Clarin_konzorcij-podpisano.pdf\">sporazum o ustanovitvi konzorcija<\/a>, ki dolo\u010da njihove dol\u017enosti in pravice.<\/p>\n<p>Konzorcij vodi <strong>upravni odbor<\/strong>, v katerem ima vsak <a href=\"https:\/\/www.clarin.si\/info\/o-projektu\/partnerji\/\">\u010dlan konzorcija<\/a> en glas.<\/p>\n<p>Sede\u017e CLARIN.SI je <a href=\"https:\/\/www.ijs.si\/\"><strong>Institut \u00bbJo\u017eef Stefan\u00ab<\/strong><\/a> (IJS), ki v okviru konzorcija deluje kot tehni\u010dni center. V sodelovanju z drugimi \u010dlani konzorcija CLARIN ERIC zagotavlja dogovorjene storitve, kot jih dolo\u010da statut evropskega konzorcija CLARIN ERIC. Na IJS tehni\u010dni center s spletnimi storitvami CLARIN.SI vzdr\u017eujejo tri enote: <a href=\"https:\/\/www.ijs.si\/ijsw\/E8\">Odsek za tehnologije znanja<\/a>, <a href=\"https:\/\/www.ijs.si\/ijsw\/E3\">Laboratorij za umetno inteligenco<\/a> in <a href=\"https:\/\/www.ijs.si\/ijsw\/Center%20za%20mre%C5%BEno%20infrastrukturo\">Center za mre\u017eno infrastrukturo<\/a>.<\/p>\n<h4><strong>\u010clani konzorcija CLARIN.SI<br \/>\n<\/strong><\/h4>\n<p>Konzorcij CLARIN.SI zdru\u017euje <a href=\"https:\/\/www.clarin.si\/info\/o-projektu\/partnerji\/\">12 \u010dlanov<\/a>, med katerimi so vse glavne organizacije, ki proizvajajo ali uporabljajo jezikovne vire v Sloveniji:<\/p>\n<ul>\n<li>univerze: <a href=\"https:\/\/www.clarin.si\/info\/o-projektu\/partnerji\/#ul\">Univerza v Ljubljani<\/a>, <a href=\"https:\/\/www.clarin.si\/info\/o-projektu\/partnerji\/#um\">Univerza v Mariboru<\/a>, <a href=\"https:\/\/www.clarin.si\/info\/o-projektu\/partnerji\/#ung\">Univerza v Novi Gorici<\/a>, <a href=\"https:\/\/www.clarin.si\/info\/o-projektu\/partnerji\/#up\">Univerza na Primorskem<\/a><\/li>\n<li>raziskovalni in\u0161tituti: <a href=\"https:\/\/www.clarin.si\/info\/o-projektu\/partnerji\/#zrcsazu\">ZRC SAZU<\/a>, <a href=\"https:\/\/www.clarin.si\/info\/o-projektu\/partnerji\/#ijs\">Institut \u00bbJo\u017eef Stefan\u00ab<\/a>, <a href=\"https:\/\/www.clarin.si\/info\/o-projektu\/partnerji\/#inz\">In\u0161titut za novej\u0161o zgodovino<\/a>; <a href=\"https:\/\/www.clarin.si\/info\/o-projektu\/partnerji\/#zrs\"><span class=\"lwptoc_item_label\">Znanstveno-raziskovalno sredi\u0161\u010de Koper<\/span><\/a><\/li>\n<li>knji\u017enica: <a href=\"https:\/\/www.clarin.si\/info\/o-projektu\/partnerji\/#nuk\">Narodna in univerzitetna knji\u017enica<\/a><\/li>\n<li>podjetji, usmerjeni v razvoj tehnologij za obdelavo naravnega jezika: <a href=\"https:\/\/www.clarin.si\/info\/o-projektu\/partnerji\/#alpineon\">Alpineon, d. o. o.<\/a>, <a href=\"https:\/\/www.clarin.si\/info\/o-projektu\/partnerji\/#amebis\">Amebis d.o.o.<\/a><\/li>\n<li>dru\u0161tvo: <a href=\"https:\/\/www.clarin.si\/info\/o-projektu\/partnerji\/#sdjt\">Slovensko dru\u0161tvo za jezikovne tehnologije<\/a><\/li>\n<\/ul>\n<div id=\"themify_builder_content-2585\" data-postid=\"2585\" class=\"themify_builder_content themify_builder_content-2585 themify_builder\">\n    <\/div>\n<!-- \/themify_builder_content -->\n","protected":false},"excerpt":{"rendered":"<p>\u010clan CLARIN.SI pri Generalni skup\u0161\u010dini CLARIN ERIC Albin Kralj, Ministrstvo za izobra\u017eevanje, znanost in \u0161port Republike Slovenije Nacionalni koordinator CLARIN.SI Toma\u017e Erjavec, Odsek za tehnologije znanja, Institut &#8220;Jo\u017eef Stefan&#8221; Organizacijska struktura CLARIN.SI Slovenska raziskovalna infrastruktura CLARIN.SI je vzpostavljena kot dolgoro\u010dni infrastrukturni projekt v okviru evropskega konzorcija CLARIN ERIC (European Research Infrastructures Consortium). CLARIN.SI je organiziran [&hellip;]<\/p>\n","protected":false},"author":3,"featured_media":0,"parent":0,"menu_order":0,"comment_status":"closed","ping_status":"closed","template":"","meta":{"footnotes":""},"class_list":["post-2585","page","type-page","status-publish","hentry","has-post-title","has-post-date","has-post-category","has-post-tag","has-post-comment","has-post-author",""],"_links":{"self":[{"href":"https:\/\/www.clarin.si\/info\/wp-json\/wp\/v2\/pages\/2585","targetHints":{"allow":["GET"]}}],"collection":[{"href":"https:\/\/www.clarin.si\/info\/wp-json\/wp\/v2\/pages"}],"about":[{"href":"https:\/\/www.clarin.si\/info\/wp-json\/wp\/v2\/types\/page"}],"author":[{"embeddable":true,"href":"https:\/\/www.clarin.si\/info\/wp-json\/wp\/v2\/users\/3"}],"replies":[{"embeddable":true,"href":"https:\/\/www.clarin.si\/info\/wp-json\/wp\/v2\/comments?post=2585"}],"version-history":[{"count":49,"href":"https:\/\/www.clarin.si\/info\/wp-json\/wp\/v2\/pages\/2585\/revisions"}],"predecessor-version":[{"id":6712,"href":"https:\/\/www.clarin.si\/info\/wp-json\/wp\/v2\/pages\/2585\/revisions\/6712"}],"wp:attachment":[{"href":"https:\/\/www.clarin.si\/info\/wp-json\/wp\/v2\/media?parent=2585"}],"curies":[{"name":"wp","href":"https:\/\/api.w.org\/{rel}","templated":true}]}}