{"id":2438,"date":"2014-10-08T23:55:59","date_gmt":"2014-10-08T23:55:59","guid":{"rendered":"http:\/\/nl.ijs.si\/clarin\/?page_id=2352"},"modified":"2021-03-30T20:38:32","modified_gmt":"2021-03-30T20:38:32","slug":"o-projektu","status":"publish","type":"page","link":"https:\/\/www.clarin.si\/info\/o-projektu\/","title":{"rendered":"CLARIN.SI"},"content":{"rendered":"<div style=\"font-size: 16px;\">CLARIN.SI je slovenski nacionalni konzorcij v mre\u017ei evropske raziskovalne infrastrukture <a href=\"https:\/\/www.clarin.eu\/\">CLARIN<\/a>.<\/div>\n<div style=\"font-size: 16px;\">Raziskovalcem na podro\u010dju humanistike, dru\u017eboslovja in drugih, z jezikom povezanih ved zagotavlja:<\/p>\n<ul>\n<li>jezikovne vire in tehnologije ter<\/li>\n<li>strokovno podporo in prenos znanja.<\/li>\n<\/ul>\n<p>Na ta na\u010din \u017eeli raz\u0161iriti tehnolo\u0161ke mo\u017enosti raziskovanja jezikov, predvsem sloven\u0161\u010dine in drugih ju\u017enoslovanskih jezikov, ter spodbujati meddisciplinarno sodelovanje.<\/p>\n<p>Ve\u010d si lahko preberete na zavihkih na vrhu strani.<\/p>\n<\/div>\n<div id=\"themify_builder_content-2438\" data-postid=\"2438\" class=\"themify_builder_content themify_builder_content-2438 themify_builder\">\n    \t<!-- module_row -->\n\t<div   class=\"themify_builder_row module_row clearfix module_row_0 themify_builder_2438_row module_row_2438-0 tb_5iho704\">\n\t    \t    <div class=\"row_inner col_align_top\" >\n\t\t\t<div  class=\"module_column tb-column col-full first tb_2438_column module_column_0 module_column_2438-0-0 tb_audu705\">\n\t    \t    \t<\/div>\n\t\t    <\/div>\n\t    <!-- \/row_inner -->\n\t<\/div>\n\t<!-- \/module_row -->\n\t<\/div>\n<!-- \/themify_builder_content -->\n","protected":false},"excerpt":{"rendered":"<p>CLARIN.SI je slovenski nacionalni konzorcij v mre\u017ei evropske raziskovalne infrastrukture CLARIN. Raziskovalcem na podro\u010dju humanistike, dru\u017eboslovja in drugih, z jezikom povezanih ved zagotavlja: jezikovne vire in tehnologije ter strokovno podporo in prenos znanja. Na ta na\u010din \u017eeli raz\u0161iriti tehnolo\u0161ke mo\u017enosti raziskovanja jezikov, predvsem sloven\u0161\u010dine in drugih ju\u017enoslovanskih jezikov, ter spodbujati meddisciplinarno sodelovanje. Ve\u010d si lahko [&hellip;]<\/p>\n","protected":false},"author":3,"featured_media":0,"parent":0,"menu_order":0,"comment_status":"closed","ping_status":"closed","template":"","meta":{"footnotes":""},"class_list":["post-2438","page","type-page","status-publish","hentry","has-post-title","has-post-date","has-post-category","has-post-tag","has-post-comment","has-post-author",""],"_links":{"self":[{"href":"https:\/\/www.clarin.si\/info\/wp-json\/wp\/v2\/pages\/2438","targetHints":{"allow":["GET"]}}],"collection":[{"href":"https:\/\/www.clarin.si\/info\/wp-json\/wp\/v2\/pages"}],"about":[{"href":"https:\/\/www.clarin.si\/info\/wp-json\/wp\/v2\/types\/page"}],"author":[{"embeddable":true,"href":"https:\/\/www.clarin.si\/info\/wp-json\/wp\/v2\/users\/3"}],"replies":[{"embeddable":true,"href":"https:\/\/www.clarin.si\/info\/wp-json\/wp\/v2\/comments?post=2438"}],"version-history":[{"count":21,"href":"https:\/\/www.clarin.si\/info\/wp-json\/wp\/v2\/pages\/2438\/revisions"}],"predecessor-version":[{"id":4897,"href":"https:\/\/www.clarin.si\/info\/wp-json\/wp\/v2\/pages\/2438\/revisions\/4897"}],"wp:attachment":[{"href":"https:\/\/www.clarin.si\/info\/wp-json\/wp\/v2\/media?parent=2438"}],"curies":[{"name":"wp","href":"https:\/\/api.w.org\/{rel}","templated":true}]}}