{"id":2358,"date":"2014-08-06T18:27:02","date_gmt":"2014-08-06T15:19:10","guid":{"rendered":"http:\/\/nl.ijs.si\/clarin\/?page_id=2358"},"modified":"2025-12-03T08:20:39","modified_gmt":"2025-12-03T08:20:39","slug":"kontakt","status":"publish","type":"page","link":"https:\/\/www.clarin.si\/info\/kontakt\/","title":{"rendered":"Kontakt"},"content":{"rendered":"<h4><strong>CLARIN.SI | Slovenska raziskovalna infrastruktura za jezikovne vire in tehnologije<br \/>\n<\/strong>Institut &#8220;Jo\u017eef Stefan&#8221;<br \/>\nJamova cesta 39<br \/>\n1000 Ljubljana<\/h4>\n<ul>\n<li>\u010ce nam \u017eelite zastaviti vpra\u0161anje, pi\u0161ite na <a title=\"info@clarin.si\" href=\"mailto:info@clarin.si\">info@clarin.si<\/a><\/li>\n<li>Za vpra\u0161anja vezana na uporabo <a href=\"https:\/\/www.clarin.si\/repository\/xmlui\/\">repozitorija CLARIN.SI<\/a>, pi\u0161ite na <a href=\"mailto:repo-help@clarin.si\">repo-help@clarin.si<\/a><\/li>\n<li>Po\u0161tni seznam sredi\u0161\u010da znanja CLASSLA za sloven\u0161\u010dino in druge ju\u017enoslovanske jezike:<br \/>\n<a class=\"moz-txt-link-freetext\" href=\"https:\/\/mailman.ijs.si\/mailman\/listinfo\/classla\">https:\/\/mailman.ijs.si\/mailman\/listinfo\/classla<\/a><\/li>\n<li>CLARIN.SI na X-u (nekdanjemu Twitterju):<br \/>\n<a class=\"moz-txt-link-freetext\" href=\"https:\/\/twitter.com\/ClarinSlovenia\">https:\/\/twitter.com\/ClarinSlovenia<\/a><\/li>\n<li>CLARIN.SI na Discordu (Slovenska skupnost za jezikovne vire in tehnologije):<br \/>\n<a href=\"https:\/\/discord.gg\/ZbD2ger6Gc\">https:\/\/discord.gg\/ZbD2ger6Gc<\/a><\/li>\n<li>CLARIN.SI na LinkedInu:<br \/>\n<a class=\"moz-txt-link-freetext\" href=\"https:\/\/www.linkedin.com\/company\/clarin-si\">https:\/\/www.linkedin.com\/company\/clarin-si<\/a><\/li>\n<\/ul>\n<h4>CLARIN.SI identifikatorji na platformah za registracijo organizacij<\/h4>\n<ul>\n<li>ROR: <a href=\"https:\/\/ror.org\/02z92c890\">https:\/\/ror.org\/02z92c890<\/a><\/li>\n<li>WikiData: <a href=\"https:\/\/www.wikidata.org\/wiki\/Q120638198\">https:\/\/www.wikidata.org\/wiki\/Q120638198<\/a><\/li>\n<li>FAIRsharing: <a href=\"https:\/\/doi.org\/10.25504\/FAIRsharing.9e0d2d\">https:\/\/doi.org\/10.25504\/FAIRsharing.9e0d2d<\/a><\/li>\n<li>Re3data: <a href=\"http:\/\/doi.org\/10.17616\/R33M0X\">http:\/\/doi.org\/10.17616\/R33M0X<\/a><\/li>\n<li>IRD COAR: <a href=\"https:\/\/ird.coar-repositories.org\/systems\/ab8bcdd8-ffa9-4252-a99a-db59065cbc09\">https:\/\/ird.coar-repositories.org\/systems\/ab8bcdd8-ffa9-4252-a99a-db59065cbc09<\/a><\/li>\n<\/ul>\n<div id=\"themify_builder_content-2358\" data-postid=\"2358\" class=\"themify_builder_content themify_builder_content-2358 themify_builder\">\n    <\/div>\n<!-- \/themify_builder_content -->\n","protected":false},"excerpt":{"rendered":"<p>CLARIN.SI | Slovenska raziskovalna infrastruktura za jezikovne vire in tehnologije Institut &#8220;Jo\u017eef Stefan&#8221; Jamova cesta 39 1000 Ljubljana \u010ce nam \u017eelite zastaviti vpra\u0161anje, pi\u0161ite na info@clarin.si Za vpra\u0161anja vezana na uporabo repozitorija CLARIN.SI, pi\u0161ite na repo-help@clarin.si Po\u0161tni seznam sredi\u0161\u010da znanja CLASSLA za sloven\u0161\u010dino in druge ju\u017enoslovanske jezike: https:\/\/mailman.ijs.si\/mailman\/listinfo\/classla CLARIN.SI na X-u (nekdanjemu Twitterju): https:\/\/twitter.com\/ClarinSlovenia CLARIN.SI [&hellip;]<\/p>\n","protected":false},"author":3,"featured_media":0,"parent":0,"menu_order":0,"comment_status":"closed","ping_status":"closed","template":"","meta":{"footnotes":""},"class_list":["post-2358","page","type-page","status-publish","hentry","has-post-title","has-post-date","has-post-category","has-post-tag","has-post-comment","has-post-author",""],"_links":{"self":[{"href":"https:\/\/www.clarin.si\/info\/wp-json\/wp\/v2\/pages\/2358","targetHints":{"allow":["GET"]}}],"collection":[{"href":"https:\/\/www.clarin.si\/info\/wp-json\/wp\/v2\/pages"}],"about":[{"href":"https:\/\/www.clarin.si\/info\/wp-json\/wp\/v2\/types\/page"}],"author":[{"embeddable":true,"href":"https:\/\/www.clarin.si\/info\/wp-json\/wp\/v2\/users\/3"}],"replies":[{"embeddable":true,"href":"https:\/\/www.clarin.si\/info\/wp-json\/wp\/v2\/comments?post=2358"}],"version-history":[{"count":30,"href":"https:\/\/www.clarin.si\/info\/wp-json\/wp\/v2\/pages\/2358\/revisions"}],"predecessor-version":[{"id":8639,"href":"https:\/\/www.clarin.si\/info\/wp-json\/wp\/v2\/pages\/2358\/revisions\/8639"}],"wp:attachment":[{"href":"https:\/\/www.clarin.si\/info\/wp-json\/wp\/v2\/media?parent=2358"}],"curies":[{"name":"wp","href":"https:\/\/api.w.org\/{rel}","templated":true}]}}