{"id":2354,"date":"2014-10-08T23:08:34","date_gmt":"2014-08-06T17:18:42","guid":{"rendered":"http:\/\/nl.ijs.si\/clarin\/?page_id=2354"},"modified":"2025-04-25T17:03:00","modified_gmt":"2025-04-25T17:03:00","slug":"o-repozitoriju","status":"publish","type":"page","link":"https:\/\/www.clarin.si\/info\/o-repozitoriju\/","title":{"rendered":"O repozitoriju CLARIN.SI"},"content":{"rendered":"<p>Eden izmed osnovnih namenov infrastrukture CLARIN je zagotavljanje zanesljivega arhiviranja in dostopa do jezikovnih virov, kot so korpusi, leksikoni, avdio- in videoposnetki, slovnice, jezikovni modeli itd.<\/p>\n<p>CLARIN.SI vzdr\u017euje certificiran repozitorij, v katerem je deponiranih prek 500 jezikovnih virov in orodij oz. 3.7 TB podatkov za 90 jezikov. Ve\u010dina jih je za sloven\u0161\u010dino in ostale ju\u017enoslovanske jezike. Repozitorij arhivira:<\/p>\n<ul>\n<li>velike oz. ro\u010dno ozna\u010dene eno- in ve\u010djezi\u010dne pisne in govorne korpuse<\/li>\n<li>leksikonske vire, kot so besedi\u0161\u010da,\u00a0 terminolo\u0161ki in drugi slovarji<\/li>\n<li>velike jezikovne modele za uporabo v jezikovnih orodjih<\/li>\n<li>nekatere razli\u010dice programske opreme (ve\u010d na <a href=\"https:\/\/github.com\/clarinsi\">CLARIN.SI@GitHub<\/a>)<\/li>\n<\/ul>\n<p>Repozitorij je redno vzdr\u017eevan, certificiran s strani <a href=\"https:\/\/doi.org\/10.34894\/EBQJRF\">Core Trust Seal<\/a> in nudi deponiranje in prevzem jezikovnih virov v skladu z jasno dolo\u010denimi tehni\u010dnimi in pravnimi standardi. Podpira enostavno overjanje in poobla\u0161\u010danje uporabnikov ter dodeljevanje stalnih spletnih identifikatorjev virom. Viri in orodja so v repozitoriju hranjeni po na\u010delih <a href=\"https:\/\/www.go-fair.org\/fair-principles\/\">FAIR<\/a> in pod izrecnimi pogoji uporabe v skladu z dolo\u010dili izbrane licence. Repozitorij zagotavlja dolgoro\u010dno arhiviranje, saj bi celo v primeru popolne prekinitve financiranja centra CLARIN.SI arhivirane vire lahko prenesli v repozitorije drugih nacionalnih centrov CLARIN, pri \u010demer bi trajni identifikatorji (PID) ostali isti.<\/p>\n<p>Repozitorij CLARIN.SI je vpisan v ve\u010d katalogov, ki popisujejo repozitorije raziskovalnih podatkov, kot so <a href=\"https:\/\/explore.openaire.eu\/search\/dataprovider?datasourceId=re3data_____::fe0d76581a60e1287a93e2ed2cb29339\">OpenAIRE<\/a> in <a href=\"https:\/\/www.re3data.org\/repository\/r3d100011922\">re3data<\/a>. Evropska raziskovalna infrastruktura <a href=\"https:\/\/www.clarin.eu\/\">CLARIN<\/a> pa omogo\u010da tudi zdru\u017eeno iskanje po vseh repozitorijih centrov CLARIN prek <a href=\"https:\/\/vlo.clarin.eu\/\">pregledovalnika VLO<\/a><strong>.<\/strong><\/p>\n<p style=\"text-align: center;\"><strong><a href=\"https:\/\/www.clarin.si\/repository\/xmlui\/\">Repozitorij CLARIN.SI<\/a><\/strong><\/p>\n<p>Za podrobnej\u0161e informacij sledite naslednjih povezavam:<\/p>\n<ul>\n<li><a href=\"https:\/\/www.clarin.si\/repository\/xmlui\/page\/about\">ve\u010d o repozitoriju<\/a>,<\/li>\n<li><a href=\"https:\/\/www.clarin.si\/repository\/xmlui\/page\/deposit\">opis postopka vnosa v repozitorij<\/a>,<\/li>\n<li><a href=\"https:\/\/www.clarin.si\/repository\/xmlui\/page\/faq\">FAQ<\/a>,<\/li>\n<li><a href=\"https:\/\/www.clarin.si\/repository\/xmlui\/page\/cite\">citiranje<\/a>,<\/li>\n<li><a href=\"https:\/\/www.clarin.si\/repository\/xmlui\/page\/item-lifecycle\">\u017eivljenjski cikel podatkov<\/a>.<\/li>\n<\/ul>\n<div id=\"themify_builder_content-2354\" data-postid=\"2354\" class=\"themify_builder_content themify_builder_content-2354 themify_builder\">\n    <\/div>\n<!-- \/themify_builder_content -->\n","protected":false},"excerpt":{"rendered":"<p>Eden izmed osnovnih namenov infrastrukture CLARIN je zagotavljanje zanesljivega arhiviranja in dostopa do jezikovnih virov, kot so korpusi, leksikoni, avdio- in videoposnetki, slovnice, jezikovni modeli itd. CLARIN.SI vzdr\u017euje certificiran repozitorij, v katerem je deponiranih prek 500 jezikovnih virov in orodij oz. 3.7 TB podatkov za 90 jezikov. Ve\u010dina jih je za sloven\u0161\u010dino in ostale ju\u017enoslovanske [&hellip;]<\/p>\n","protected":false},"author":3,"featured_media":0,"parent":0,"menu_order":0,"comment_status":"closed","ping_status":"closed","template":"","meta":{"footnotes":""},"class_list":["post-2354","page","type-page","status-publish","hentry","has-post-title","has-post-date","has-post-category","has-post-tag","has-post-comment","has-post-author",""],"_links":{"self":[{"href":"https:\/\/www.clarin.si\/info\/wp-json\/wp\/v2\/pages\/2354","targetHints":{"allow":["GET"]}}],"collection":[{"href":"https:\/\/www.clarin.si\/info\/wp-json\/wp\/v2\/pages"}],"about":[{"href":"https:\/\/www.clarin.si\/info\/wp-json\/wp\/v2\/types\/page"}],"author":[{"embeddable":true,"href":"https:\/\/www.clarin.si\/info\/wp-json\/wp\/v2\/users\/3"}],"replies":[{"embeddable":true,"href":"https:\/\/www.clarin.si\/info\/wp-json\/wp\/v2\/comments?post=2354"}],"version-history":[{"count":30,"href":"https:\/\/www.clarin.si\/info\/wp-json\/wp\/v2\/pages\/2354\/revisions"}],"predecessor-version":[{"id":8125,"href":"https:\/\/www.clarin.si\/info\/wp-json\/wp\/v2\/pages\/2354\/revisions\/8125"}],"wp:attachment":[{"href":"https:\/\/www.clarin.si\/info\/wp-json\/wp\/v2\/media?parent=2354"}],"curies":[{"name":"wp","href":"https:\/\/api.w.org\/{rel}","templated":true}]}}